{"id":334,"date":"2017-10-12T15:38:00","date_gmt":"2017-10-12T13:38:00","guid":{"rendered":"http:\/\/www.spass-am-schiesssport.de\/neu\/?page_id=334"},"modified":"2026-01-26T15:42:10","modified_gmt":"2026-01-26T14:42:10","slug":"impressum_disclaimer","status":"publish","type":"page","link":"https:\/\/www.spass-am-schiesssport.de\/neu\/impressum_disclaimer","title":{"rendered":"Impressum \/ Disclaimer &#8211; rechtliche Hinweise"},"content":{"rendered":"<h5><span style=\"color: #000000;\">1. Haftungsbeschr\u00e4nkung:<\/span><br \/>\n<span style=\"color: #000000;\">Die Inhalte dieser Website werden mit gr\u00f6\u00dftm\u00f6glicher Sorgfalt erstellt.<br \/>\nDer Anbieter &#8222;<span style=\"color: #800000;\"><span style=\"color: #000000;\">Spa\u00df am Schie\u00dfsport<\/span><\/span> e.V.&#8220; (nachfolgend Anbieter genannt) \u00fcbernimmt jedoch keine Gew\u00e4hr f\u00fcr die Richtigkeit, Vollst\u00e4ndigkeit und Aktualit\u00e4t der bereitgestellten Inhalte. Die Nutzung der Inhalte der Webseite erfolgt auf eigene Gefahr des Nutzers. Namentlich gekennzeichnete Beitr\u00e4ge geben die Meinung des jeweiligen Autors und nicht die Meinung des Anbieters wieder. Mit der reinen Nutzung der Webseite des Anbieters kommt keinerlei Vertragsverh\u00e4ltnis zwischen dem Nutzer und dem Anbieter zustande.<\/span><\/h5>\n<h5><span style=\"color: #000000;\">2. Externe Links:<\/span><br \/>\n<span style=\"color: #000000;\">Diese Website enth\u00e4lt Verkn\u00fcpfungen zu Webseiten Dritter (&#8222;externe Links&#8220;). Diese Webseiten unterliegen der Haftung der jeweiligen Betreiber. Der Anbieter hat bei der erstmaligen Verkn\u00fcpfung der externen Links die fremden Inhalte daraufhin \u00fcberpr\u00fcft, ob etwaige Rechtsverst\u00f6\u00dfe bestehen. Zu dem Zeitpunkt waren keine Rechtsverst\u00f6\u00dfe erkennbar. Der Anbieter hat keinen Einfluss auf die aktuelle, die zuk\u00fcnftige Gestaltung und auf die Inhalte der verkn\u00fcpften Seiten. Das Setzen von externen Links bedeutet nicht, dass sich der Anbieter die hinter dem Verweis oder Link liegenden Inhalte zu Eigen macht, daher distanziert er sich von allen Inhalten aller gelinkten externen Seiten. Eine st\u00e4ndige Kontrolle dieser externen Links ist f\u00fcr den Anbieter ohne konkrete Hinweise auf Rechtsverst\u00f6\u00dfe nicht zumutbar. Bei Kenntnis von Rechtsverst\u00f6\u00dfen werden jedoch derartige externe Links unverz\u00fcglich gel\u00f6scht.<\/span><\/h5>\n<h5><span style=\"color: #000000;\">3. Urheber- und Leistungsschutzrechte:<\/span><br \/>\n<span style=\"color: #000000;\">Die auf dieser Webseite ver\u00f6ffentlichten Inhalte unterliegen dem deutschen Urheber- und Leistungsschutzrecht. Jede vom deutschen Urheber- und Leistungsschutzrecht nicht zugelassene Verwertung bedarf der vorherigen schriftlichen Zustimmung des Anbieters, oder jeweiligen Rechteinhabers. Dies gilt insbesondere f\u00fcr Vervielf\u00e4ltigung, Bearbeitung, \u00dcbersetzung, Speicherung, Verarbeitung bzw. Wiedergabe von Inhalten in Datenbanken, oder anderen elektronischen Medien und Systemen. Inhalte und Rechte Dritter sind dabei als solche gekennzeichnet. Die unerlaubte Vervielf\u00e4ltigung, oder Weitergabe einzelner Inhalte, oder kompletter Seiten ist nicht gestattet und strafbar. Lediglich die Herstellung von Kopien und Downloads f\u00fcr den pers\u00f6nlichen, privaten und nicht kommerziellen Gebrauch ist erlaubt. Die Darstellung dieser Webseite in fremden Frames ist nur mit schriftlicher Erlaubnis zul\u00e4ssig.<\/span><\/h5>\n<h5><span style=\"color: #000000;\">4. Datenschutz:<\/span><br \/>\n<span style=\"color: #000000;\">Durch den Besuch der Webseite des Anbieters k\u00f6nnen Informationen \u00fcber den Zugriff (Datum, Uhrzeit, betrachtete Seite) gespeichert werden. Diese Daten geh\u00f6ren nicht zu den personenbezogenen Daten, sondern sind anonymisiert. Sie werden ausschlie\u00dflich zu statistischen Zwecken ausgewertet. Eine Weitergabe an Dritte, zu kommerziellen oder nicht kommerziellen Zwecken findet nicht statt. Die Verwendung der Kontaktdaten des Impressums zur gewerblichen Werbung ist ausdr\u00fccklich nicht erw\u00fcnscht, es sei denn der Anbieter hatte zuvor seine schriftliche Einwilligung erteilt, oder es besteht bereits eine Gesch\u00e4ftsbeziehung. Der Anbieter und alle auf dieser Webseite genannten Personen widersprechen hiermit jeder kommerziellen Verwendung und Weitergabe ihrer Daten. F\u00fcr weitere Informationen siehe unsere Datenschutzerkl\u00e4rung.<\/span><\/h5>\n<h5><span style=\"color: #000000;\">5. Besondere Nutzungsbedingungen:<\/span><br \/>\n<span style=\"color: #000000;\">Soweit besondere Bedingungen f\u00fcr einzelne Nutzungen dieser Webseite von den vorgenannten Nummern 1. bis 4. abweichen, wird an entsprechender Stelle ausdr\u00fccklich darauf hingewiesen. In diesem Falle gelten im jeweiligen Einzelfall die besonderen Nutzungsbedingungen. Der Anbieter weist ausdr\u00fccklich darauf hin, dass die Daten\u00fcbertragung im Internet (z.B. bei der Kommunikation per E-Mail) Sicherheitsl\u00fccken aufweisen kann und nicht l\u00fcckenlos vor dem Zugriff durch Dritte gesch\u00fctzt werden kann.<\/span><br \/>\n<span style=\"color: #000000;\">Mit freundlicher Genehmigung: <a style=\"color: #000000;\" href=\"http:\/\/www.juraforum.de\" target=\"_blank\" rel=\"noopener noreferrer\">www.juraforum.de\u00a0<\/a><\/span><\/h5>\n<h5><span style=\"color: #000000;\">Spa\u00df am Schie\u00dfsport e.V. <\/span><br \/>\n<span style=\"color: #000000;\">Vertretungsberechtigter Vorstand:<\/span><br \/>\n<span style=\"color: #000000;\">Vorsitzender: Josef Stadler <\/span><br \/>\n<span style=\"color: #000000;\">Stellvertreter: Mike Br\u00fcckner, Norbert Diermeier<\/span><br \/>\n<span style=\"color: #000000;\">Vereinsregisternummer: VR201309, Amtsgericht M\u00fcnchen<\/span><br \/>\n<span style=\"color: #000000;\">Verwaltung: Garkofen 1, 85646 Anzing<\/span><br \/>\n<span style=\"color: #000000;\">Tel.: 0151\/212 796 39<\/span><br \/>\n<span style=\"color: #000000;\">Verantwortlich f\u00fcr die Seiteninhalte: Josef Stadler<\/span><br \/>\n<span style=\"color: #000000;\">E-Mail: spassev(at)web.de<\/span><br \/>\n<span style=\"color: #000000;\">Webseite:\u00a0 <a style=\"color: #000000;\" href=\"http:\/\/www.spass-am-schiesssport.de\">www.spass-am-schiesssport.de<\/a><br \/>\n<\/span><\/h5>\n<h6>Stand: 03.04.2023<\/h6>\n","protected":false},"excerpt":{"rendered":"<p>1. Haftungsbeschr\u00e4nkung: Die Inhalte dieser Website werden mit gr\u00f6\u00dftm\u00f6glicher Sorgfalt erstellt. Der Anbieter &#8222;Spa\u00df am Schie\u00dfsport e.V.&#8220; (nachfolgend Anbieter genannt) \u00fcbernimmt jedoch keine Gew\u00e4hr f\u00fcr die Richtigkeit, Vollst\u00e4ndigkeit und Aktualit\u00e4t der bereitgestellten Inhalte. Die Nutzung der Inhalte der Webseite erfolgt &hellip; <a href=\"https:\/\/www.spass-am-schiesssport.de\/neu\/impressum_disclaimer\">Weiterlesen <span class=\"meta-nav\">&rarr;<\/span><\/a><\/p>\n","protected":false},"author":1,"featured_media":0,"parent":0,"menu_order":0,"comment_status":"closed","ping_status":"closed","template":"","meta":{"footnotes":""},"class_list":["post-334","page","type-page","status-publish","hentry"],"_links":{"self":[{"href":"https:\/\/www.spass-am-schiesssport.de\/neu\/wp-json\/wp\/v2\/pages\/334","targetHints":{"allow":["GET"]}}],"collection":[{"href":"https:\/\/www.spass-am-schiesssport.de\/neu\/wp-json\/wp\/v2\/pages"}],"about":[{"href":"https:\/\/www.spass-am-schiesssport.de\/neu\/wp-json\/wp\/v2\/types\/page"}],"author":[{"embeddable":true,"href":"https:\/\/www.spass-am-schiesssport.de\/neu\/wp-json\/wp\/v2\/users\/1"}],"replies":[{"embeddable":true,"href":"https:\/\/www.spass-am-schiesssport.de\/neu\/wp-json\/wp\/v2\/comments?post=334"}],"version-history":[{"count":79,"href":"https:\/\/www.spass-am-schiesssport.de\/neu\/wp-json\/wp\/v2\/pages\/334\/revisions"}],"predecessor-version":[{"id":6886,"href":"https:\/\/www.spass-am-schiesssport.de\/neu\/wp-json\/wp\/v2\/pages\/334\/revisions\/6886"}],"wp:attachment":[{"href":"https:\/\/www.spass-am-schiesssport.de\/neu\/wp-json\/wp\/v2\/media?parent=334"}],"curies":[{"name":"wp","href":"https:\/\/api.w.org\/{rel}","templated":true}]}}