{"id":450,"date":"2018-05-24T16:00:09","date_gmt":"2018-05-24T15:00:09","guid":{"rendered":"http:\/\/www.spass-am-schiesssport.de\/neu\/?page_id=450"},"modified":"2023-04-03T11:35:15","modified_gmt":"2023-04-03T10:35:15","slug":"datenschutzerklaerung","status":"publish","type":"page","link":"https:\/\/www.spass-am-schiesssport.de\/neu\/datenschutzerklaerung","title":{"rendered":"Datenschutzerkl\u00e4rung"},"content":{"rendered":"<h5><span style=\"color: #000000;\">Der Betreiber der Webseiten &#8222;Spa\u00df am Schie\u00dfsport e. V.&#8220; behandelt Ihre personenbezogenen Daten vertraulich und entsprechend den gesetzlichen Vorschriften.<\/span><\/h5>\n<h5><span style=\"color: #000000;\">Die Nutzung der Internetseiten des Vereins ist grunds\u00e4tzlich ohne Angabe personenbezogener Daten m\u00f6glich. Durch den Besuch unserer Webseite k\u00f6nnen Informationen \u00fcber den Zugriff (Datum, Uhrzeit, betrachtete Seite) gespeichert werden. Diese Daten geh\u00f6ren nicht zu den personenbezogenen Daten, sondern sind anonymisiert. Sie werden ausschlie\u00dflich zu statistischen Zwecken ausgewertet. Eine Weitergabe an Dritte zu kommerziellen, oder nichtkommerziellen Zwecken findet nicht statt. Sofern Sie einen erweiterten Service unseres Vereins \u00fcber unsere Internetseite in Anspruch nehmen m\u00f6chten, k\u00f6nnte jedoch eine Verarbeitung personenbezogener Daten erforderlich werden. Ist die Verarbeitung personenbezogener Daten erforderlich und besteht f\u00fcr eine solche Verarbeitung keine gesetzliche Grundlage, holen wir generell eine Einwilligung der davon betroffenen Person ein.<\/span><\/h5>\n<h5><span style=\"color: #000000;\">Die Verarbeitung personenbezogener Daten erfolgt stets im Einklang mit der Datenschutz-Grundverordnung und in \u00dcbereinstimmung mit f\u00fcr den Verein geltenden l\u00e4nderspezifischen Datenschutzbestimmungen. Mittels dieser Datenschutzerkl\u00e4rung m\u00f6chten wir \u00fcber die Art, den Umfang und den Zweck der von uns erhobenen, genutzten und verarbeiteten personenbezogenen Daten informieren. Ferner werden Sie mittels dieser Datenschutzerkl\u00e4rung \u00fcber die Ihnen zustehenden Rechte informiert.<\/span><\/h5>\n<h5><span style=\"color: #000000;\">Der Verein hat f\u00fcr die Verarbeitung technische und organisatorische Ma\u00dfnahmen umgesetzt, um einen m\u00f6glichst l\u00fcckenlosen Schutz der \u00fcber diese Internetseite verarbeiteten personenbezogenen Daten sicherzustellen. Dennoch k\u00f6nnen internetbasierte Daten\u00fcbertragungen grunds\u00e4tzlich Sicherheitsl\u00fccken aufweisen, so dass ein absoluter Schutz nicht gew\u00e4hrleistet werden kann. Aus diesem Grund steht es Ihnen frei, personenbezogene Daten auch auf anderen Wegen, zum Beispiel telefonisch, oder schriftlich an uns zu \u00fcbermitteln.<\/span><\/h5>\n<h5><span style=\"color: #000000;\">Unsere Internetseite enth\u00e4lt Angaben, die eine elektronische Kontaktaufnahme zu unserem Verein, sowie eine unmittelbare Kommunikation mit uns erm\u00f6glichen. Sie umfasst ein Kontaktformular und eine allgemeine E-Mailadresse. Sofern eine Sie per E-Mail, oder \u00fcber das Kontaktformular den Kontakt mit dem f\u00fcr die Verarbeitung Verantwortlichen aufnehmen, werden die von Ihnen \u00fcbermittelten personenbezogenen Daten automatisch gespeichert. Solche auf freiwilliger Basis von Ihnen an den f\u00fcr die Verarbeitung Verantwortlichen \u00fcbermittelten personenbezogenen Daten werden f\u00fcr Zwecke der Bearbeitung, oder der Kontaktaufnahme gespeichert. Es erfolgt keine Weitergabe dieser Daten an Dritte. Wenn Sie an die im Kontaktformular angegebene Adresse Daten \u00fcbersenden, erkl\u00e4ren Sie sich damit einverstanden, dass wir Ihre Angaben f\u00fcr die Beantwortung Ihrer Anfrage bzw. Kontaktaufnahme verwenden. Sie k\u00f6nnen Ihre erteilte Einwilligung jederzeit mit Wirkung f\u00fcr die Zukunft widerrufen. Im Falle des Widerrufs werden Ihre Daten gel\u00f6scht. Ihre Daten werden ebenfalls gel\u00f6scht, wenn der Zweck der Speicherung entfallen ist. Sie k\u00f6nnen sich jederzeit \u00fcber die zu Ihrer Person gespeicherten Daten informieren.<\/span><\/h5>\n<h5><span style=\"color: #000000;\">Wir halten uns an die Grunds\u00e4tze der Datenvermeidung und Datensparsamkeit. Der f\u00fcr die Verarbeitung Verantwortliche verarbeitet und speichert personenbezogene Daten nur f\u00fcr den Zeitraum, der zur Erreichung des Speicherungszwecks erforderlich ist, oder sofern dies durch den Europ\u00e4ischen Richtlinien- und Verordnungsgeber oder einen anderen Gesetzgeber in Gesetzen oder Vorschriften, welchen der f\u00fcr die Verarbeitung Verantwortliche unterliegt, vorgesehen wurde.\u00a0 Nach Fortfall des jeweiligen Zweckes bzw. nach Ablauf dieser Fristen werden die entsprechenden Daten routinem\u00e4\u00dfig und entsprechend den gesetzlichen Vorschriften gesperrt oder gel\u00f6scht.<\/span><\/h5>\n<h5><span style=\"color: #000000;\">Jede betroffene Person hat das vom Europ\u00e4ischen Richtlinien- und Verordnungsgeber einger\u00e4umte Recht, von dem f\u00fcr die Verarbeitung Verantwortlichen eine Best\u00e4tigung dar\u00fcber zu verlangen, ob sie betreffende personenbezogene Daten verarbeitet werden. M\u00f6chten Sie dieses Best\u00e4tigungsrecht, oder andere, nachfolgend aufgef\u00fchrte Rechte in Anspruch nehmen, wenn Sie Fragen zum Datenschutz haben, wenden Sie sich dazu an uns unter der E-Mailadresse spassev@web.de.<\/span><\/h5>\n<h5><span style=\"color: #000000;\">Jede von der Verarbeitung personenbezogener Daten betroffene Person hat das vom Europ\u00e4ischen Richtlinien- und Verordnungsgeber gew\u00e4hrte Recht, jederzeit von dem f\u00fcr die Verarbeitung Verantwortlichen unentgeltliche Auskunft \u00fcber die zu seiner Person gespeicherten personenbezogenen Daten und eine Kopie dieser Auskunft zu erhalten. Ferner steht der betroffenen Person ein Auskunftsrecht dar\u00fcber zu, ob personenbezogene Daten an ein Drittland oder an eine andere Organisation \u00fcbermittelt wurden. Sofern dies der Fall ist, so steht der betroffenen Person im \u00dcbrigen das Recht zu, Auskunft \u00fcber die geeigneten Garantien im Zusammenhang mit der \u00dcbermittlung zu erhalten.<\/span><\/h5>\n<h5><span style=\"color: #000000;\">Jede von der Verarbeitung personenbezogener Daten betroffene Person hat das vom Europ\u00e4ischen Richtlinien- und Verordnungsgeber gew\u00e4hrte Recht, die unverz\u00fcgliche Berichtigung sie betreffender unrichtiger personenbezogener Daten zu verlangen. Ferner steht der betroffenen Person das Recht zu, unter Ber\u00fccksichtigung der Zwecke der Verarbeitung, die Vervollst\u00e4ndigung unvollst\u00e4ndiger personenbezogener Daten, auch mittels einer erg\u00e4nzenden Erkl\u00e4rung zu verlangen.<\/span><\/h5>\n<h5><span style=\"color: #000000;\">Jede von der Verarbeitung personenbezogener Daten betroffene Person hat das vom Europ\u00e4ischen Richtlinien- und Verordnungsgeber gew\u00e4hrte Recht, von dem Verantwortlichen zu verlangen, dass die sie betreffenden personenbezogenen Daten unverz\u00fcglich gel\u00f6scht werden, sofern einer der folgenden Gr\u00fcnde zutrifft und soweit die Verarbeitung nicht erforderlich ist:<\/span><br \/>\n<span style=\"color: #000000;\">Die personenbezogenen Daten wurden f\u00fcr solche Zwecke erhoben oder auf sonstige Weise verarbeitet, f\u00fcr welche sie nicht mehr notwendig sind.<\/span><br \/>\n<span style=\"color: #000000;\">Die betroffene Person widerruft ihre Einwilligung, auf die sich die Verarbeitung gem\u00e4\u00df Art. 6 Abs. 1 Buchstabe a DS-GVO oder Art. 9 Abs. 2 Buchstabe a DS-GVO st\u00fctzte, und es fehlt an einer anderweitigen Rechtsgrundlage f\u00fcr die Verarbeitung.<\/span><br \/>\n<span style=\"color: #000000;\">Die betroffene Person legt gem\u00e4\u00df Art. 21 Abs. 1 DS-GVO Widerspruch gegen die Verarbeitung ein, und es liegen keine vorrangigen berechtigten Gr\u00fcnde f\u00fcr die Verarbeitung vor, oder die betroffene Person legt gem\u00e4\u00df Art. 21 Abs. 2 DS-GVO Widerspruch gegen die Verarbeitung ein.<\/span><br \/>\n<span style=\"color: #000000;\">Die personenbezogenen Daten wurden unrechtm\u00e4\u00dfig verarbeitet.<\/span><br \/>\n<span style=\"color: #000000;\">Die L\u00f6schung der personenbezogenen Daten ist zur Erf\u00fcllung einer rechtlichen Verpflichtung nach dem Unionsrecht oder dem Recht der Mitgliedstaaten erforderlich, dem der Verantwortliche unterliegt.<\/span><br \/>\n<span style=\"color: #000000;\">Die personenbezogenen Daten wurden in Bezug auf angebotene Dienste der Informationsgesellschaft gem\u00e4\u00df Art. 8 Abs. 1 DS-GVO erhoben.<\/span><\/h5>\n<h5><span style=\"color: #000000;\">Jede von der Verarbeitung personenbezogener Daten betroffene Person hat das vom Europ\u00e4ischen Richtlinien- und Verordnungsgeber gew\u00e4hrte Recht, von dem Verantwortlichen die Einschr\u00e4nkung der Verarbeitung zu verlangen, wenn eine der folgenden Voraussetzungen gegeben ist:<\/span><br \/>\n<span style=\"color: #000000;\">Die Richtigkeit der personenbezogenen Daten wird von der betroffenen Person bestritten, und zwar f\u00fcr eine Dauer, die es dem Verantwortlichen erm\u00f6glicht, die Richtigkeit der personenbezogenen Daten zu \u00fcberpr\u00fcfen.<\/span><br \/>\n<span style=\"color: #000000;\">Die Verarbeitung ist unrechtm\u00e4\u00dfig, die betroffene Person lehnt die L\u00f6schung der personenbezogenen Daten ab und verlangt stattdessen die Einschr\u00e4nkung der Nutzung der personenbezogenen Daten.<\/span><br \/>\n<span style=\"color: #000000;\">Der Verantwortliche ben\u00f6tigt die personenbezogenen Daten f\u00fcr die Zwecke der Verarbeitung nicht l\u00e4nger, die betroffene Person ben\u00f6tigt sie jedoch zur Geltendmachung, Aus\u00fcbung oder Verteidigung von Rechtsanspr\u00fcchen.<\/span><br \/>\n<span style=\"color: #000000;\">Die betroffene Person hat Widerspruch gegen die Verarbeitung gem. Art. 21 Abs. 1 DS-GVO eingelegt und es steht noch nicht fest, ob die berechtigten Gr\u00fcnde des Verantwortlichen gegen\u00fcber denen der betroffenen Person \u00fcberwiegen.<\/span><\/h5>\n<h5><span style=\"color: #000000;\">Jede von der Verarbeitung personenbezogener Daten betroffene Person hat das vom Europ\u00e4ischen Richtlinien- und Verordnungsgeber gew\u00e4hrte Recht, die sie betreffenden personenbezogenen Daten, welche durch die betroffene Person einem Verantwortlichen bereitgestellt wurden, in einem strukturierten, g\u00e4ngigen und maschinenlesbaren Format zu erhalten. Sie hat au\u00dferdem das Recht, diese Daten einem anderen Verantwortlichen ohne Behinderung durch den Verantwortlichen, dem die personenbezogenen Daten bereitgestellt wurden, zu \u00fcbermitteln, sofern die Verarbeitung auf der Einwilligung gem\u00e4\u00df Art. 6 Abs. 1 Buchstabe a DS-GVO oder Art. 9 Abs. 2 Buchstabe a DS-GVO oder auf einem Vertrag gem\u00e4\u00df Art. 6 Abs. 1 Buchstabe b DS-GVO beruht und die Verarbeitung mithilfe automatisierter Verfahren erfolgt, sofern die Verarbeitung nicht f\u00fcr die Wahrnehmung einer Aufgabe erforderlich ist, die im \u00f6ffentlichen Interesse liegt oder in Aus\u00fcbung \u00f6ffentlicher Gewalt erfolgt, welche dem Verantwortlichen \u00fcbertragen wurde.<\/span><\/h5>\n<h5><span style=\"color: #000000;\">Ferner hat die betroffene Person bei der Aus\u00fcbung ihres Rechts auf Daten\u00fcbertragbarkeit gem\u00e4\u00df Art. 20 Abs. 1 DS-GVO das Recht, zu erwirken, dass die personenbezogenen Daten direkt von einem Verantwortlichen an einen anderen Verantwortlichen \u00fcbermittelt werden, soweit dies technisch machbar ist und sofern hiervon nicht die Rechte und Freiheiten anderer Personen beeintr\u00e4chtigt werden.<\/span><\/h5>\n<h5><span style=\"color: #000000;\">Jede von der Verarbeitung personenbezogener Daten betroffene Person hat das vom Europ\u00e4ischen Richtlinien- und Verordnungsgeber gew\u00e4hrte Recht, aus Gr\u00fcnden, die sich aus ihrer besonderen Situation ergeben, jederzeit gegen die Verarbeitung sie betreffender personenbezogener Daten, die aufgrund von Art. 6 Abs. 1 Buchstaben e oder f DS-GVO erfolgt, Widerspruch einzulegen. Dies gilt auch f\u00fcr ein auf diese Bestimmungen gest\u00fctztes Profiling.<\/span><\/h5>\n<h5><span style=\"color: #000000;\">Jede von der Verarbeitung personenbezogener Daten betroffene Person hat das vom Europ\u00e4ischen Richtlinien- und Verordnungsgeber gew\u00e4hrte Recht, die Einwilligung zur Verarbeitung personenbezogener Daten jederzeit zu widerrufen.<\/span><\/h5>\n<h5><span style=\"color: #000000;\">Wir behalten uns vor, diese Datenschutzerkl\u00e4rung anzupassen, damit sie stets den aktuellen rechtlichen Anforderungen entspricht, oder um Ver\u00e4nderungen an unserern Leistungen in der Datenschutzerkl\u00e4rung umzusetzen, z.B. bei der Einf\u00fchrung neuer Services. Durch neue Technologien und Weiterentwicklung dieser Webseite k\u00f6nnen ebenfalls \u00c4nderungen an dieser Datenschutzerkl\u00e4rung vorgenommen werden. F\u00fcr Ihren erneuten Besuch gilt dann die neue Datenschutzerkl\u00e4rung.<\/span><\/h5>\n","protected":false},"excerpt":{"rendered":"<p>Der Betreiber der Webseiten &#8222;Spa\u00df am Schie\u00dfsport e. V.&#8220; behandelt Ihre personenbezogenen Daten vertraulich und entsprechend den gesetzlichen Vorschriften. Die Nutzung der Internetseiten des Vereins ist grunds\u00e4tzlich ohne Angabe personenbezogener Daten m\u00f6glich. Durch den Besuch unserer Webseite k\u00f6nnen Informationen \u00fcber &hellip; <a href=\"https:\/\/www.spass-am-schiesssport.de\/neu\/datenschutzerklaerung\">Weiterlesen <span class=\"meta-nav\">&rarr;<\/span><\/a><\/p>\n","protected":false},"author":1,"featured_media":0,"parent":0,"menu_order":7,"comment_status":"closed","ping_status":"closed","template":"","meta":{"footnotes":""},"class_list":["post-450","page","type-page","status-publish","hentry"],"_links":{"self":[{"href":"https:\/\/www.spass-am-schiesssport.de\/neu\/wp-json\/wp\/v2\/pages\/450","targetHints":{"allow":["GET"]}}],"collection":[{"href":"https:\/\/www.spass-am-schiesssport.de\/neu\/wp-json\/wp\/v2\/pages"}],"about":[{"href":"https:\/\/www.spass-am-schiesssport.de\/neu\/wp-json\/wp\/v2\/types\/page"}],"author":[{"embeddable":true,"href":"https:\/\/www.spass-am-schiesssport.de\/neu\/wp-json\/wp\/v2\/users\/1"}],"replies":[{"embeddable":true,"href":"https:\/\/www.spass-am-schiesssport.de\/neu\/wp-json\/wp\/v2\/comments?post=450"}],"version-history":[{"count":35,"href":"https:\/\/www.spass-am-schiesssport.de\/neu\/wp-json\/wp\/v2\/pages\/450\/revisions"}],"predecessor-version":[{"id":4751,"href":"https:\/\/www.spass-am-schiesssport.de\/neu\/wp-json\/wp\/v2\/pages\/450\/revisions\/4751"}],"wp:attachment":[{"href":"https:\/\/www.spass-am-schiesssport.de\/neu\/wp-json\/wp\/v2\/media?parent=450"}],"curies":[{"name":"wp","href":"https:\/\/api.w.org\/{rel}","templated":true}]}}