{"id":4671,"date":"2021-11-16T21:00:43","date_gmt":"2021-11-16T20:00:43","guid":{"rendered":"http:\/\/www.spass-am-schiesssport.de\/neu\/?page_id=4671"},"modified":"2023-04-05T02:42:25","modified_gmt":"2023-04-05T01:42:25","slug":"4671-2","status":"publish","type":"page","link":"https:\/\/www.spass-am-schiesssport.de\/neu\/","title":{"rendered":"Herzlich willkommen auf unserer Homepage"},"content":{"rendered":"<h5><span style=\"color: #000000;\">Wir sind ein M\u00fcnchner Verein, der sich voll und ganz dem Schie\u00dfsport verschrieben hat.<\/span><br \/>\n<span style=\"color: #000000;\">Als Mitglied des &#8222;Bund Deutscher Sportsch\u00fctzen \/ Landesverband Bayern&#8220; betreiben wir viele Disziplinen unseres Verbandes. <\/span><span style=\"color: #000000;\">Wir bieten ein breites Spektrum und viele M\u00f6glichkeiten, diesen anspruchsvollen und vielseitigen Sport auszu\u00fcben. <\/span>Unser Vereinszweck ist die F\u00f6rderung des Gro\u00dfkaliberschie\u00dfsports. Wir betreiben den Schie\u00dfsport als Breiten- und Leistungssport. Dies verwirklichen wir vor allem durch das Angebot von regelm\u00e4\u00dfigen Trainingsm\u00f6glichkeiten f\u00fcr verschiedene BDS Disziplinen und der F\u00f6rderung an der Teilnahme an Meisterschaften, sowie an nationalen und internationalen Wettk\u00e4mpfen.<\/h5>\n","protected":false},"excerpt":{"rendered":"<p>Wir sind ein M\u00fcnchner Verein, der sich voll und ganz dem Schie\u00dfsport verschrieben hat. Als Mitglied des &#8222;Bund Deutscher Sportsch\u00fctzen \/ Landesverband Bayern&#8220; betreiben wir viele Disziplinen unseres Verbandes. Wir bieten ein breites Spektrum und viele M\u00f6glichkeiten, diesen anspruchsvollen und &hellip; <a href=\"https:\/\/www.spass-am-schiesssport.de\/neu\/\">Weiterlesen <span class=\"meta-nav\">&rarr;<\/span><\/a><\/p>\n","protected":false},"author":1,"featured_media":0,"parent":0,"menu_order":0,"comment_status":"closed","ping_status":"closed","template":"","meta":{"footnotes":""},"class_list":["post-4671","page","type-page","status-publish","hentry"],"_links":{"self":[{"href":"https:\/\/www.spass-am-schiesssport.de\/neu\/wp-json\/wp\/v2\/pages\/4671","targetHints":{"allow":["GET"]}}],"collection":[{"href":"https:\/\/www.spass-am-schiesssport.de\/neu\/wp-json\/wp\/v2\/pages"}],"about":[{"href":"https:\/\/www.spass-am-schiesssport.de\/neu\/wp-json\/wp\/v2\/types\/page"}],"author":[{"embeddable":true,"href":"https:\/\/www.spass-am-schiesssport.de\/neu\/wp-json\/wp\/v2\/users\/1"}],"replies":[{"embeddable":true,"href":"https:\/\/www.spass-am-schiesssport.de\/neu\/wp-json\/wp\/v2\/comments?post=4671"}],"version-history":[{"count":54,"href":"https:\/\/www.spass-am-schiesssport.de\/neu\/wp-json\/wp\/v2\/pages\/4671\/revisions"}],"predecessor-version":[{"id":6659,"href":"https:\/\/www.spass-am-schiesssport.de\/neu\/wp-json\/wp\/v2\/pages\/4671\/revisions\/6659"}],"wp:attachment":[{"href":"https:\/\/www.spass-am-schiesssport.de\/neu\/wp-json\/wp\/v2\/media?parent=4671"}],"curies":[{"name":"wp","href":"https:\/\/api.w.org\/{rel}","templated":true}]}}